{"id":730,"date":"2018-07-26T10:40:07","date_gmt":"2018-07-26T13:40:07","guid":{"rendered":"https:\/\/isfdyt59-sfe.infd.edu.ar\/sitio\/?page_id=730"},"modified":"2023-10-31T14:03:29","modified_gmt":"2023-10-31T17:03:29","slug":"ingresantes","status":"publish","type":"page","link":"https:\/\/isfdyt59-sfe.infd.edu.ar\/sitio\/estudiantes\/ingresantes\/","title":{"rendered":"Ingresantes"},"content":{"rendered":"\n<h4 class=\"wp-block-heading\">Requisitos de inscripci\u00f3n<\/h4>\n\n\n\n<p>&nbsp;<span style=\"color: #ff0000; font-size: xx-large;\" data-keep-original-tag=\"false\" data-original-attrs=\"{&quot;style&quot;:&quot;&quot;}\">Informaci\u00f3n IMPORTANTE&nbsp; para los ingresantes del Profesorado de Nivel Primario:<\/span><\/p>\n\n\n\n<p>Los Interesados deben presentarse con la documentaci\u00f3n para cumplir con el proceso de inscripci\u00f3n.&nbsp;<\/p>\n\n\n\n<p><u>Documentaci\u00f3n<\/u>:<\/p>\n\n\n\n<ul>\n<li>Fotocopia del DNI.<\/li>\n\n\n\n<li>Certificado de salud.<\/li>\n\n\n\n<li>Fotocopia del t\u00edtulo de 5to a\u00f1o o constancia de t\u00edtulo en tr\u00e1mite.&nbsp;<\/li>\n\n\n\n<li>Constancia de domicilio (emitida por la Polic\u00eda).<\/li>\n\n\n\n<li>2 fotos (tipo carnet).<\/li>\n<\/ul>\n","protected":false},"excerpt":{"rendered":"<p>Requisitos de inscripci\u00f3n &nbsp;Informaci\u00f3n IMPORTANTE&nbsp; para los ingresantes del Profesorado de Nivel Primario: Los Interesados deben presentarse con la documentaci\u00f3n para cumplir con el proceso de inscripci\u00f3n.&nbsp; Documentaci\u00f3n:<\/p>\n","protected":false},"author":6,"featured_media":0,"parent":692,"menu_order":0,"comment_status":"closed","ping_status":"closed","template":"","meta":[],"acf":[],"_links":{"self":[{"href":"https:\/\/isfdyt59-sfe.infd.edu.ar\/sitio\/wp-json\/wp\/v2\/pages\/730"}],"collection":[{"href":"https:\/\/isfdyt59-sfe.infd.edu.ar\/sitio\/wp-json\/wp\/v2\/pages"}],"about":[{"href":"https:\/\/isfdyt59-sfe.infd.edu.ar\/sitio\/wp-json\/wp\/v2\/types\/page"}],"author":[{"embeddable":true,"href":"https:\/\/isfdyt59-sfe.infd.edu.ar\/sitio\/wp-json\/wp\/v2\/users\/6"}],"replies":[{"embeddable":true,"href":"https:\/\/isfdyt59-sfe.infd.edu.ar\/sitio\/wp-json\/wp\/v2\/comments?post=730"}],"version-history":[{"count":3,"href":"https:\/\/isfdyt59-sfe.infd.edu.ar\/sitio\/wp-json\/wp\/v2\/pages\/730\/revisions"}],"predecessor-version":[{"id":856,"href":"https:\/\/isfdyt59-sfe.infd.edu.ar\/sitio\/wp-json\/wp\/v2\/pages\/730\/revisions\/856"}],"up":[{"embeddable":true,"href":"https:\/\/isfdyt59-sfe.infd.edu.ar\/sitio\/wp-json\/wp\/v2\/pages\/692"}],"wp:attachment":[{"href":"https:\/\/isfdyt59-sfe.infd.edu.ar\/sitio\/wp-json\/wp\/v2\/media?parent=730"}],"curies":[{"name":"wp","href":"https:\/\/api.w.org\/{rel}","templated":true}]}}