{"id":800,"date":"2023-08-03T19:19:58","date_gmt":"2023-08-03T22:19:58","guid":{"rendered":"https:\/\/isfdyt59-sfe.infd.edu.ar\/sitio\/?page_id=800"},"modified":"2023-08-27T21:07:18","modified_gmt":"2023-08-28T00:07:18","slug":"tecnico-superior-en-administracion-publica","status":"publish","type":"page","link":"https:\/\/isfdyt59-sfe.infd.edu.ar\/sitio\/catalogo\/tecnico-superior-en-administracion-publica\/","title":{"rendered":"T\u00e9cnico Superior en Administraci\u00f3n P\u00fablica"},"content":{"rendered":"","protected":false},"excerpt":{"rendered":"","protected":false},"author":12,"featured_media":0,"parent":644,"menu_order":0,"comment_status":"closed","ping_status":"closed","template":"","meta":[],"acf":[],"_links":{"self":[{"href":"https:\/\/isfdyt59-sfe.infd.edu.ar\/sitio\/wp-json\/wp\/v2\/pages\/800"}],"collection":[{"href":"https:\/\/isfdyt59-sfe.infd.edu.ar\/sitio\/wp-json\/wp\/v2\/pages"}],"about":[{"href":"https:\/\/isfdyt59-sfe.infd.edu.ar\/sitio\/wp-json\/wp\/v2\/types\/page"}],"author":[{"embeddable":true,"href":"https:\/\/isfdyt59-sfe.infd.edu.ar\/sitio\/wp-json\/wp\/v2\/users\/12"}],"replies":[{"embeddable":true,"href":"https:\/\/isfdyt59-sfe.infd.edu.ar\/sitio\/wp-json\/wp\/v2\/comments?post=800"}],"version-history":[{"count":3,"href":"https:\/\/isfdyt59-sfe.infd.edu.ar\/sitio\/wp-json\/wp\/v2\/pages\/800\/revisions"}],"predecessor-version":[{"id":854,"href":"https:\/\/isfdyt59-sfe.infd.edu.ar\/sitio\/wp-json\/wp\/v2\/pages\/800\/revisions\/854"}],"up":[{"embeddable":true,"href":"https:\/\/isfdyt59-sfe.infd.edu.ar\/sitio\/wp-json\/wp\/v2\/pages\/644"}],"wp:attachment":[{"href":"https:\/\/isfdyt59-sfe.infd.edu.ar\/sitio\/wp-json\/wp\/v2\/media?parent=800"}],"curies":[{"name":"wp","href":"https:\/\/api.w.org\/{rel}","templated":true}]}}